{"id":3057,"date":"2020-01-18T01:10:08","date_gmt":"2020-01-18T00:10:08","guid":{"rendered":"http:\/\/svfriedrichshafen.schachvereine.de\/wpnew\/?page_id=3057"},"modified":"2020-02-21T01:12:37","modified_gmt":"2020-02-21T00:12:37","slug":"sponsoren","status":"publish","type":"page","link":"http:\/\/svfriedrichshafen.schachvereine.de\/wpnew\/?page_id=3057","title":{"rendered":"Sponsoren"},"content":{"rendered":"<h3 class=\"text\" style=\"text-align: center;\"><strong>Den nachfolgend aufgef\u00fchrten Sponsoren gilt unser herzlicher Dank f\u00fcr<br \/>\nihren Beitrag zum 100-j\u00e4hrigen Jubil\u00e4um des Schachverein Friedrichshafen<br \/>\nim Jahr 2020.<\/strong><\/h3>\n<p><a href=\"https:\/\/www.friedrichshafen.de\/\"><img decoding=\"async\" class=\"logo aligncenter\" src=\"http:\/\/svfriedrichshafen.schachvereine.de\/wpnew\/wp-content\/uploads\/2020\/02\/FRH_Logo_Blau-Schwarz_sRGB.png\" alt=\"\" width=\"50%\" height=\"50%\" \/><\/a><\/p>\n<p><a href=\"https:\/\/www.cafe-im-rathaus.com\/\"><img loading=\"lazy\" decoding=\"async\" class=\"logo aligncenter\" src=\"http:\/\/svfriedrichshafen.schachvereine.de\/wpnew\/wp-content\/uploads\/2020\/01\/logo_rathauscafe_1181x1181_2020-01-22-300x300.jpg\" alt=\"\" width=\"300\" height=\"300\" \/><\/a><\/p>\n<p><a href=\"https:\/\/www.volksbank-fntt.de\/privatkunden\/Startseite.html\"><img loading=\"lazy\" decoding=\"async\" class=\"logo aligncenter\" src=\"http:\/\/svfriedrichshafen.schachvereine.de\/wpnew\/wp-content\/uploads\/2020\/01\/Logo_Volksbank_FN-TT-RGB_links_pos.jpg\" alt=\"\" width=\"416\" height=\"109\" \/><\/a><\/p>\n<p><a href=\"https:\/\/www.sparkasse-bodensee.de\/\"><img loading=\"lazy\" decoding=\"async\" class=\"logo aligncenter\" src=\"http:\/\/svfriedrichshafen.schachvereine.de\/wpnew\/wp-content\/uploads\/2020\/01\/Sparkasse_Logo_S_I1Bod_RT_4c_480.jpg\" alt=\"\" width=\"339\" height=\"146\" \/><\/a><\/p>\n<p><a href=\"http:\/\/svfriedrichshafen.schachvereine.de\/wpnew\/wp-content\/uploads\/2020\/01\/HAARscharf_Logo_2020-01-09.jpg\"><img loading=\"lazy\" decoding=\"async\" class=\"logo aligncenter\" src=\"http:\/\/svfriedrichshafen.schachvereine.de\/wpnew\/wp-content\/uploads\/2020\/01\/HAARscharf_Logo_2020-01-09.jpg\" alt=\"\" width=\"362\" height=\"330\" \/><\/a><\/p>\n<p><a href=\"https:\/\/www.11880.com\/branchenbuch\/friedrichshafen\/182771721B52103189\/freisleben-foto-fotoladen.html\"><img loading=\"lazy\" decoding=\"async\" class=\"logo aligncenter\" src=\"http:\/\/svfriedrichshafen.schachvereine.de\/wpnew\/wp-content\/uploads\/2020\/01\/Logo_Freisleben_2020-01-28.jpg\" alt=\"\" width=\"376\" height=\"203\" \/><\/a><\/p>\n","protected":false},"excerpt":{"rendered":"<p>Den nachfolgend aufgef\u00fchrten Sponsoren gilt unser herzlicher Dank f\u00fcr ihren Beitrag zum 100-j\u00e4hrigen Jubil\u00e4um des Schachverein Friedrichshafen im Jahr 2020.<\/p>\n","protected":false},"author":13,"featured_media":0,"parent":0,"menu_order":0,"comment_status":"closed","ping_status":"closed","template":"","meta":{"_acf_changed":false,"footnotes":""},"class_list":["post-3057","page","type-page","status-publish","hentry"],"acf":[],"_links":{"self":[{"href":"http:\/\/svfriedrichshafen.schachvereine.de\/wpnew\/index.php?rest_route=\/wp\/v2\/pages\/3057","targetHints":{"allow":["GET"]}}],"collection":[{"href":"http:\/\/svfriedrichshafen.schachvereine.de\/wpnew\/index.php?rest_route=\/wp\/v2\/pages"}],"about":[{"href":"http:\/\/svfriedrichshafen.schachvereine.de\/wpnew\/index.php?rest_route=\/wp\/v2\/types\/page"}],"author":[{"embeddable":true,"href":"http:\/\/svfriedrichshafen.schachvereine.de\/wpnew\/index.php?rest_route=\/wp\/v2\/users\/13"}],"replies":[{"embeddable":true,"href":"http:\/\/svfriedrichshafen.schachvereine.de\/wpnew\/index.php?rest_route=%2Fwp%2Fv2%2Fcomments&post=3057"}],"version-history":[{"count":32,"href":"http:\/\/svfriedrichshafen.schachvereine.de\/wpnew\/index.php?rest_route=\/wp\/v2\/pages\/3057\/revisions"}],"predecessor-version":[{"id":3143,"href":"http:\/\/svfriedrichshafen.schachvereine.de\/wpnew\/index.php?rest_route=\/wp\/v2\/pages\/3057\/revisions\/3143"}],"wp:attachment":[{"href":"http:\/\/svfriedrichshafen.schachvereine.de\/wpnew\/index.php?rest_route=%2Fwp%2Fv2%2Fmedia&parent=3057"}],"curies":[{"name":"wp","href":"https:\/\/api.w.org\/{rel}","templated":true}]}}